{"id":13,"date":"2023-04-18T10:16:12","date_gmt":"2023-04-18T08:16:12","guid":{"rendered":"https:\/\/learn-with-me.eu\/?page_id=13"},"modified":"2024-09-23T11:13:44","modified_gmt":"2024-09-23T09:13:44","slug":"contact","status":"publish","type":"page","link":"https:\/\/learn-with-me.eu\/?page_id=13","title":{"rendered":"Contact"},"content":{"rendered":"\n<p><\/p>\n\n\n<div class=\"wp-block-avatar\"><img alt='annusn avatar' src='https:\/\/secure.gravatar.com\/avatar\/168d3d15427439fffa3c441f8fa1b3b6?s=130&#038;d=mm&#038;r=g' srcset='https:\/\/secure.gravatar.com\/avatar\/168d3d15427439fffa3c441f8fa1b3b6?s=260&#038;d=mm&#038;r=g 2x' class='avatar avatar-130 photo wp-block-avatar__image  ' height='130' width='130'  style=\"border-radius: 72px\" loading='lazy' decoding='async'\/><\/div>\n\n\n<p class=\"has-text-align-left has-background\" style=\"background-color:#ffffff00\">Learn with M.E.<br>Mgr. Norbert Annu\u0161, PhD.<br>annusn@ujs.sk<\/p>\n","protected":false},"excerpt":{"rendered":"<p>Learn with M.E.Mgr. Norbert Annu\u0161, PhD.annusn@ujs.sk<\/p>\n","protected":false},"author":1,"featured_media":0,"parent":0,"menu_order":0,"comment_status":"closed","ping_status":"closed","template":"","meta":{"_mi_skip_tracking":false,"site-sidebar-layout":"default","site-content-layout":"default","ast-global-header-display":"","ast-main-header-display":"","ast-hfb-above-header-display":"","ast-hfb-below-header-display":"","ast-hfb-mobile-header-display":"","site-post-title":"disabled","ast-breadcrumbs-content":"","ast-featured-img":"","footer-sml-layout":"","theme-transparent-header-meta":"","adv-header-id-meta":"","stick-header-meta":"","header-above-stick-meta":"","header-main-stick-meta":"","header-below-stick-meta":""},"yoast_head":"<!-- This site is optimized with the Yoast SEO plugin v20.5 - https:\/\/yoast.com\/wordpress\/plugins\/seo\/ -->\n<title>Contact -<\/title>\n<meta name=\"robots\" content=\"index, follow, max-snippet:-1, max-image-preview:large, max-video-preview:-1\" \/>\n<link rel=\"canonical\" href=\"https:\/\/learn-with-me.eu\/?page_id=13\" \/>\n<meta property=\"og:locale\" content=\"hu_HU\" \/>\n<meta property=\"og:type\" content=\"article\" \/>\n<meta property=\"og:title\" content=\"Contact -\" \/>\n<meta property=\"og:description\" content=\"Learn with M.E.Mgr. Norbert Annu\u0161, PhD.annusn@ujs.sk\" \/>\n<meta property=\"og:url\" content=\"https:\/\/learn-with-me.eu\/?page_id=13\" \/>\n<meta property=\"article:modified_time\" content=\"2024-09-23T09:13:44+00:00\" \/>\n<meta name=\"twitter:card\" content=\"summary_large_image\" \/>\n<meta name=\"twitter:label1\" content=\"Becs\u00fclt olvas\u00e1si id\u0151\" \/>\n\t<meta name=\"twitter:data1\" content=\"1 perc\" \/>\n<script type=\"application\/ld+json\" class=\"yoast-schema-graph\">{\"@context\":\"https:\/\/schema.org\",\"@graph\":[{\"@type\":\"WebPage\",\"@id\":\"https:\/\/learn-with-me.eu\/?page_id=13\",\"url\":\"https:\/\/learn-with-me.eu\/?page_id=13\",\"name\":\"Contact -\",\"isPartOf\":{\"@id\":\"https:\/\/learn-with-me.eu\/#website\"},\"datePublished\":\"2023-04-18T08:16:12+00:00\",\"dateModified\":\"2024-09-23T09:13:44+00:00\",\"breadcrumb\":{\"@id\":\"https:\/\/learn-with-me.eu\/?page_id=13#breadcrumb\"},\"inLanguage\":\"hu\",\"potentialAction\":[{\"@type\":\"ReadAction\",\"target\":[\"https:\/\/learn-with-me.eu\/?page_id=13\"]}]},{\"@type\":\"BreadcrumbList\",\"@id\":\"https:\/\/learn-with-me.eu\/?page_id=13#breadcrumb\",\"itemListElement\":[{\"@type\":\"ListItem\",\"position\":1,\"name\":\"Home\",\"item\":\"https:\/\/learn-with-me.eu\/\"},{\"@type\":\"ListItem\",\"position\":2,\"name\":\"Contact\"}]},{\"@type\":\"WebSite\",\"@id\":\"https:\/\/learn-with-me.eu\/#website\",\"url\":\"https:\/\/learn-with-me.eu\/\",\"name\":\"\",\"description\":\"\",\"potentialAction\":[{\"@type\":\"SearchAction\",\"target\":{\"@type\":\"EntryPoint\",\"urlTemplate\":\"https:\/\/learn-with-me.eu\/?s={search_term_string}\"},\"query-input\":\"required name=search_term_string\"}],\"inLanguage\":\"hu\"}]}<\/script>\n<!-- \/ Yoast SEO plugin. -->","yoast_head_json":{"title":"Contact -","robots":{"index":"index","follow":"follow","max-snippet":"max-snippet:-1","max-image-preview":"max-image-preview:large","max-video-preview":"max-video-preview:-1"},"canonical":"https:\/\/learn-with-me.eu\/?page_id=13","og_locale":"hu_HU","og_type":"article","og_title":"Contact -","og_description":"Learn with M.E.Mgr. Norbert Annu\u0161, PhD.annusn@ujs.sk","og_url":"https:\/\/learn-with-me.eu\/?page_id=13","article_modified_time":"2024-09-23T09:13:44+00:00","twitter_card":"summary_large_image","twitter_misc":{"Becs\u00fclt olvas\u00e1si id\u0151":"1 perc"},"schema":{"@context":"https:\/\/schema.org","@graph":[{"@type":"WebPage","@id":"https:\/\/learn-with-me.eu\/?page_id=13","url":"https:\/\/learn-with-me.eu\/?page_id=13","name":"Contact -","isPartOf":{"@id":"https:\/\/learn-with-me.eu\/#website"},"datePublished":"2023-04-18T08:16:12+00:00","dateModified":"2024-09-23T09:13:44+00:00","breadcrumb":{"@id":"https:\/\/learn-with-me.eu\/?page_id=13#breadcrumb"},"inLanguage":"hu","potentialAction":[{"@type":"ReadAction","target":["https:\/\/learn-with-me.eu\/?page_id=13"]}]},{"@type":"BreadcrumbList","@id":"https:\/\/learn-with-me.eu\/?page_id=13#breadcrumb","itemListElement":[{"@type":"ListItem","position":1,"name":"Home","item":"https:\/\/learn-with-me.eu\/"},{"@type":"ListItem","position":2,"name":"Contact"}]},{"@type":"WebSite","@id":"https:\/\/learn-with-me.eu\/#website","url":"https:\/\/learn-with-me.eu\/","name":"","description":"","potentialAction":[{"@type":"SearchAction","target":{"@type":"EntryPoint","urlTemplate":"https:\/\/learn-with-me.eu\/?s={search_term_string}"},"query-input":"required name=search_term_string"}],"inLanguage":"hu"}]}},"_links":{"self":[{"href":"https:\/\/learn-with-me.eu\/index.php?rest_route=\/wp\/v2\/pages\/13"}],"collection":[{"href":"https:\/\/learn-with-me.eu\/index.php?rest_route=\/wp\/v2\/pages"}],"about":[{"href":"https:\/\/learn-with-me.eu\/index.php?rest_route=\/wp\/v2\/types\/page"}],"author":[{"embeddable":true,"href":"https:\/\/learn-with-me.eu\/index.php?rest_route=\/wp\/v2\/users\/1"}],"replies":[{"embeddable":true,"href":"https:\/\/learn-with-me.eu\/index.php?rest_route=%2Fwp%2Fv2%2Fcomments&post=13"}],"version-history":[{"count":5,"href":"https:\/\/learn-with-me.eu\/index.php?rest_route=\/wp\/v2\/pages\/13\/revisions"}],"predecessor-version":[{"id":652,"href":"https:\/\/learn-with-me.eu\/index.php?rest_route=\/wp\/v2\/pages\/13\/revisions\/652"}],"wp:attachment":[{"href":"https:\/\/learn-with-me.eu\/index.php?rest_route=%2Fwp%2Fv2%2Fmedia&parent=13"}],"curies":[{"name":"wp","href":"https:\/\/api.w.org\/{rel}","templated":true}]}}