{"id":141,"date":"2023-04-19T11:53:33","date_gmt":"2023-04-19T09:53:33","guid":{"rendered":"https:\/\/learn-with-me.eu\/?page_id=141"},"modified":"2023-11-27T23:27:54","modified_gmt":"2023-11-27T22:27:54","slug":"download-slovencina","status":"publish","type":"page","link":"https:\/\/learn-with-me.eu\/?page_id=141&lang=sk","title":{"rendered":"Download &#8211; Sloven\u010dina"},"content":{"rendered":"\n<p><\/p>\n\n\n\n<p><strong>Posledn\u00e1 aktualiz\u00e1cia 2023 november &#8211; verzia 1.7<\/strong><\/p>\n\n\n\n<div class=\"wp-block-file\"><a id=\"wp-block-file--media-4b95b018-5d16-455b-af35-8a46014855b6\" href=\"http:\/\/learn-with-me.eu\/wp-content\/uploads\/2023\/11\/Learn-with-M.E.-version-1.7-windows-application.zip\">Learn-with-M.E.-version-1.7-windows-application<\/a><a href=\"http:\/\/learn-with-me.eu\/wp-content\/uploads\/2023\/11\/Learn-with-M.E.-version-1.7-windows-application.zip\" class=\"wp-block-file__button wp-element-button\" download aria-describedby=\"wp-block-file--media-4b95b018-5d16-455b-af35-8a46014855b6\">stiahn\u00fa\u0165<\/a><\/div>\n\n\n\n<p><strong>Stiahnutie a prv\u00e9 spustenie:<\/strong><\/p>\n\n\n\n<figure class=\"wp-block-video\"><video controls poster=\"http:\/\/learn-with-me.eu\/wp-content\/uploads\/2023\/10\/LWM_Download-m4v-image.jpg\" src=\"http:\/\/learn-with-me.eu\/wp-content\/uploads\/2023\/10\/LWM_Download.m4v\"><\/video><\/figure>\n","protected":false},"excerpt":{"rendered":"<p>Posledn\u00e1 aktualiz\u00e1cia 2023 november &#8211; verzia 1.7 Stiahnutie a prv\u00e9 spustenie:<\/p>\n","protected":false},"author":1,"featured_media":0,"parent":0,"menu_order":0,"comment_status":"closed","ping_status":"closed","template":"","meta":{"_mi_skip_tracking":false,"site-sidebar-layout":"default","site-content-layout":"default","ast-global-header-display":"","ast-main-header-display":"","ast-hfb-above-header-display":"","ast-hfb-below-header-display":"","ast-hfb-mobile-header-display":"","site-post-title":"disabled","ast-breadcrumbs-content":"","ast-featured-img":"","footer-sml-layout":"","theme-transparent-header-meta":"","adv-header-id-meta":"","stick-header-meta":"","header-above-stick-meta":"","header-main-stick-meta":"","header-below-stick-meta":""},"yoast_head":"<!-- This site is optimized with the Yoast SEO plugin v20.5 - https:\/\/yoast.com\/wordpress\/plugins\/seo\/ -->\n<title>Download - Sloven\u010dina -<\/title>\n<meta name=\"robots\" content=\"index, follow, max-snippet:-1, max-image-preview:large, max-video-preview:-1\" \/>\n<link rel=\"canonical\" href=\"https:\/\/learn-with-me.eu\/?page_id=141&lang=sk\" \/>\n<meta property=\"og:locale\" content=\"hu_HU\" \/>\n<meta property=\"og:type\" content=\"article\" \/>\n<meta property=\"og:title\" content=\"Download - Sloven\u010dina -\" \/>\n<meta property=\"og:description\" content=\"Posledn\u00e1 aktualiz\u00e1cia 2023 november &#8211; verzia 1.7 Stiahnutie a prv\u00e9 spustenie:\" \/>\n<meta property=\"og:url\" content=\"https:\/\/learn-with-me.eu\/?page_id=141&amp;lang=sk\" \/>\n<meta property=\"article:modified_time\" content=\"2023-11-27T22:27:54+00:00\" \/>\n<meta name=\"twitter:card\" content=\"summary_large_image\" \/>\n<meta name=\"twitter:label1\" content=\"Becs\u00fclt olvas\u00e1si id\u0151\" \/>\n\t<meta name=\"twitter:data1\" content=\"1 perc\" \/>\n<script type=\"application\/ld+json\" class=\"yoast-schema-graph\">{\"@context\":\"https:\/\/schema.org\",\"@graph\":[{\"@type\":\"WebPage\",\"@id\":\"https:\/\/learn-with-me.eu\/?page_id=141&lang=sk\",\"url\":\"https:\/\/learn-with-me.eu\/?page_id=141&lang=sk\",\"name\":\"Download - Sloven\u010dina -\",\"isPartOf\":{\"@id\":\"https:\/\/learn-with-me.eu\/#website\"},\"datePublished\":\"2023-04-19T09:53:33+00:00\",\"dateModified\":\"2023-11-27T22:27:54+00:00\",\"breadcrumb\":{\"@id\":\"https:\/\/learn-with-me.eu\/?page_id=141&lang=sk#breadcrumb\"},\"inLanguage\":\"hu\",\"potentialAction\":[{\"@type\":\"ReadAction\",\"target\":[\"https:\/\/learn-with-me.eu\/?page_id=141&lang=sk\"]}]},{\"@type\":\"BreadcrumbList\",\"@id\":\"https:\/\/learn-with-me.eu\/?page_id=141&lang=sk#breadcrumb\",\"itemListElement\":[{\"@type\":\"ListItem\",\"position\":1,\"name\":\"Home\",\"item\":\"https:\/\/learn-with-me.eu\/\"},{\"@type\":\"ListItem\",\"position\":2,\"name\":\"Download &#8211; Sloven\u010dina\"}]},{\"@type\":\"WebSite\",\"@id\":\"https:\/\/learn-with-me.eu\/#website\",\"url\":\"https:\/\/learn-with-me.eu\/\",\"name\":\"\",\"description\":\"\",\"potentialAction\":[{\"@type\":\"SearchAction\",\"target\":{\"@type\":\"EntryPoint\",\"urlTemplate\":\"https:\/\/learn-with-me.eu\/?s={search_term_string}\"},\"query-input\":\"required name=search_term_string\"}],\"inLanguage\":\"hu\"}]}<\/script>\n<!-- \/ Yoast SEO plugin. -->","yoast_head_json":{"title":"Download - Sloven\u010dina -","robots":{"index":"index","follow":"follow","max-snippet":"max-snippet:-1","max-image-preview":"max-image-preview:large","max-video-preview":"max-video-preview:-1"},"canonical":"https:\/\/learn-with-me.eu\/?page_id=141&lang=sk","og_locale":"hu_HU","og_type":"article","og_title":"Download - Sloven\u010dina -","og_description":"Posledn\u00e1 aktualiz\u00e1cia 2023 november &#8211; verzia 1.7 Stiahnutie a prv\u00e9 spustenie:","og_url":"https:\/\/learn-with-me.eu\/?page_id=141&lang=sk","article_modified_time":"2023-11-27T22:27:54+00:00","twitter_card":"summary_large_image","twitter_misc":{"Becs\u00fclt olvas\u00e1si id\u0151":"1 perc"},"schema":{"@context":"https:\/\/schema.org","@graph":[{"@type":"WebPage","@id":"https:\/\/learn-with-me.eu\/?page_id=141&lang=sk","url":"https:\/\/learn-with-me.eu\/?page_id=141&lang=sk","name":"Download - Sloven\u010dina -","isPartOf":{"@id":"https:\/\/learn-with-me.eu\/#website"},"datePublished":"2023-04-19T09:53:33+00:00","dateModified":"2023-11-27T22:27:54+00:00","breadcrumb":{"@id":"https:\/\/learn-with-me.eu\/?page_id=141&lang=sk#breadcrumb"},"inLanguage":"hu","potentialAction":[{"@type":"ReadAction","target":["https:\/\/learn-with-me.eu\/?page_id=141&lang=sk"]}]},{"@type":"BreadcrumbList","@id":"https:\/\/learn-with-me.eu\/?page_id=141&lang=sk#breadcrumb","itemListElement":[{"@type":"ListItem","position":1,"name":"Home","item":"https:\/\/learn-with-me.eu\/"},{"@type":"ListItem","position":2,"name":"Download &#8211; Sloven\u010dina"}]},{"@type":"WebSite","@id":"https:\/\/learn-with-me.eu\/#website","url":"https:\/\/learn-with-me.eu\/","name":"","description":"","potentialAction":[{"@type":"SearchAction","target":{"@type":"EntryPoint","urlTemplate":"https:\/\/learn-with-me.eu\/?s={search_term_string}"},"query-input":"required name=search_term_string"}],"inLanguage":"hu"}]}},"_links":{"self":[{"href":"https:\/\/learn-with-me.eu\/index.php?rest_route=\/wp\/v2\/pages\/141"}],"collection":[{"href":"https:\/\/learn-with-me.eu\/index.php?rest_route=\/wp\/v2\/pages"}],"about":[{"href":"https:\/\/learn-with-me.eu\/index.php?rest_route=\/wp\/v2\/types\/page"}],"author":[{"embeddable":true,"href":"https:\/\/learn-with-me.eu\/index.php?rest_route=\/wp\/v2\/users\/1"}],"replies":[{"embeddable":true,"href":"https:\/\/learn-with-me.eu\/index.php?rest_route=%2Fwp%2Fv2%2Fcomments&post=141"}],"version-history":[{"count":6,"href":"https:\/\/learn-with-me.eu\/index.php?rest_route=\/wp\/v2\/pages\/141\/revisions"}],"predecessor-version":[{"id":506,"href":"https:\/\/learn-with-me.eu\/index.php?rest_route=\/wp\/v2\/pages\/141\/revisions\/506"}],"wp:attachment":[{"href":"https:\/\/learn-with-me.eu\/index.php?rest_route=%2Fwp%2Fv2%2Fmedia&parent=141"}],"curies":[{"name":"wp","href":"https:\/\/api.w.org\/{rel}","templated":true}]}}