{"id":149,"date":"2023-04-19T12:00:24","date_gmt":"2023-04-19T10:00:24","guid":{"rendered":"https:\/\/learn-with-me.eu\/?page_id=149"},"modified":"2023-10-25T22:08:55","modified_gmt":"2023-10-25T20:08:55","slug":"how-to-use-it-slovencina","status":"publish","type":"page","link":"https:\/\/learn-with-me.eu\/?page_id=149&lang=sk","title":{"rendered":"How to use it &#8211; Sloven\u010dina"},"content":{"rendered":"\n<p><\/p>\n\n\n\n<figure class=\"wp-block-video\"><video controls src=\"https:\/\/learn-with-me.eu\/wp-content\/uploads\/2023\/10\/LWM_SK.m4v\"><\/video><\/figure>\n\n\n\n<ol>\n<li><a href=\"https:\/\/learn-with-me.eu\/?page_id=26\">Stiahnite<\/a> si najnov\u0161iu verziu softv\u00e9ru<\/li>\n\n\n\n<li>Rozba\u013ete s\u00fabor .zip a spustite s\u00fabor .exe<\/li>\n\n\n\n<li>Prihl\u00e1ste sa. V\u017edy pou\u017e\u00edvajte rovnak\u00e9 prihlasovacie meno!<\/li>\n\n\n\n<li>Vyberte si typ pr\u00edkladu<\/li>\n\n\n\n<li>Vyberte si \u00farove\u0148 obtia\u017enosti<\/li>\n\n\n\n<li>Vygenerujte pr\u00edklad<\/li>\n\n\n\n<li>Vyrie\u0161te pr\u00edklad<\/li>\n\n\n\n<li>Skontrolujte si svoje v\u00fdsledky<\/li>\n\n\n\n<li>Ak je to potrebn\u00e9, prepo\u010d\u00edtajte pr\u00edklad<\/li>\n\n\n\n<li>Ak neviete ur\u010di\u0165 chybu, pozrite si v\u00fdpo\u010det krok za krokom<\/li>\n\n\n\n<li>Ak si potrebujete nie\u010do zopakova\u0165, pozrite si pravidl\u00e1 o teoretick\u00fdch pojmoch<\/li>\n\n\n\n<li>Cvi\u010dte a z\u00edskajte v\u0161etky trofeje<\/li>\n<\/ol>\n\n\n\n<p><\/p>\n","protected":false},"excerpt":{"rendered":"","protected":false},"author":1,"featured_media":0,"parent":0,"menu_order":0,"comment_status":"closed","ping_status":"closed","template":"","meta":{"_mi_skip_tracking":false,"site-sidebar-layout":"default","site-content-layout":"default","ast-global-header-display":"","ast-main-header-display":"","ast-hfb-above-header-display":"","ast-hfb-below-header-display":"","ast-hfb-mobile-header-display":"","site-post-title":"disabled","ast-breadcrumbs-content":"","ast-featured-img":"","footer-sml-layout":"","theme-transparent-header-meta":"","adv-header-id-meta":"","stick-header-meta":"","header-above-stick-meta":"","header-main-stick-meta":"","header-below-stick-meta":""},"yoast_head":"<!-- This site is optimized with the Yoast SEO plugin v20.5 - https:\/\/yoast.com\/wordpress\/plugins\/seo\/ -->\n<title>How to use it - Sloven\u010dina -<\/title>\n<meta name=\"robots\" content=\"index, follow, max-snippet:-1, max-image-preview:large, max-video-preview:-1\" \/>\n<link rel=\"canonical\" href=\"https:\/\/learn-with-me.eu\/?page_id=149&lang=sk\" \/>\n<meta property=\"og:locale\" content=\"hu_HU\" \/>\n<meta property=\"og:type\" content=\"article\" \/>\n<meta property=\"og:title\" content=\"How to use it - Sloven\u010dina -\" \/>\n<meta property=\"og:url\" content=\"https:\/\/learn-with-me.eu\/?page_id=149&amp;lang=sk\" \/>\n<meta property=\"article:modified_time\" content=\"2023-10-25T20:08:55+00:00\" \/>\n<meta name=\"twitter:card\" content=\"summary_large_image\" \/>\n<meta name=\"twitter:label1\" content=\"Becs\u00fclt olvas\u00e1si id\u0151\" \/>\n\t<meta name=\"twitter:data1\" content=\"1 perc\" \/>\n<script type=\"application\/ld+json\" class=\"yoast-schema-graph\">{\"@context\":\"https:\/\/schema.org\",\"@graph\":[{\"@type\":\"WebPage\",\"@id\":\"https:\/\/learn-with-me.eu\/?page_id=149&lang=sk\",\"url\":\"https:\/\/learn-with-me.eu\/?page_id=149&lang=sk\",\"name\":\"How to use it - Sloven\u010dina -\",\"isPartOf\":{\"@id\":\"https:\/\/learn-with-me.eu\/#website\"},\"datePublished\":\"2023-04-19T10:00:24+00:00\",\"dateModified\":\"2023-10-25T20:08:55+00:00\",\"breadcrumb\":{\"@id\":\"https:\/\/learn-with-me.eu\/?page_id=149&lang=sk#breadcrumb\"},\"inLanguage\":\"hu\",\"potentialAction\":[{\"@type\":\"ReadAction\",\"target\":[\"https:\/\/learn-with-me.eu\/?page_id=149&lang=sk\"]}]},{\"@type\":\"BreadcrumbList\",\"@id\":\"https:\/\/learn-with-me.eu\/?page_id=149&lang=sk#breadcrumb\",\"itemListElement\":[{\"@type\":\"ListItem\",\"position\":1,\"name\":\"Home\",\"item\":\"https:\/\/learn-with-me.eu\/\"},{\"@type\":\"ListItem\",\"position\":2,\"name\":\"How to use it &#8211; Sloven\u010dina\"}]},{\"@type\":\"WebSite\",\"@id\":\"https:\/\/learn-with-me.eu\/#website\",\"url\":\"https:\/\/learn-with-me.eu\/\",\"name\":\"\",\"description\":\"\",\"potentialAction\":[{\"@type\":\"SearchAction\",\"target\":{\"@type\":\"EntryPoint\",\"urlTemplate\":\"https:\/\/learn-with-me.eu\/?s={search_term_string}\"},\"query-input\":\"required name=search_term_string\"}],\"inLanguage\":\"hu\"}]}<\/script>\n<!-- \/ Yoast SEO plugin. -->","yoast_head_json":{"title":"How to use it - Sloven\u010dina -","robots":{"index":"index","follow":"follow","max-snippet":"max-snippet:-1","max-image-preview":"max-image-preview:large","max-video-preview":"max-video-preview:-1"},"canonical":"https:\/\/learn-with-me.eu\/?page_id=149&lang=sk","og_locale":"hu_HU","og_type":"article","og_title":"How to use it - Sloven\u010dina -","og_url":"https:\/\/learn-with-me.eu\/?page_id=149&lang=sk","article_modified_time":"2023-10-25T20:08:55+00:00","twitter_card":"summary_large_image","twitter_misc":{"Becs\u00fclt olvas\u00e1si id\u0151":"1 perc"},"schema":{"@context":"https:\/\/schema.org","@graph":[{"@type":"WebPage","@id":"https:\/\/learn-with-me.eu\/?page_id=149&lang=sk","url":"https:\/\/learn-with-me.eu\/?page_id=149&lang=sk","name":"How to use it - Sloven\u010dina -","isPartOf":{"@id":"https:\/\/learn-with-me.eu\/#website"},"datePublished":"2023-04-19T10:00:24+00:00","dateModified":"2023-10-25T20:08:55+00:00","breadcrumb":{"@id":"https:\/\/learn-with-me.eu\/?page_id=149&lang=sk#breadcrumb"},"inLanguage":"hu","potentialAction":[{"@type":"ReadAction","target":["https:\/\/learn-with-me.eu\/?page_id=149&lang=sk"]}]},{"@type":"BreadcrumbList","@id":"https:\/\/learn-with-me.eu\/?page_id=149&lang=sk#breadcrumb","itemListElement":[{"@type":"ListItem","position":1,"name":"Home","item":"https:\/\/learn-with-me.eu\/"},{"@type":"ListItem","position":2,"name":"How to use it &#8211; Sloven\u010dina"}]},{"@type":"WebSite","@id":"https:\/\/learn-with-me.eu\/#website","url":"https:\/\/learn-with-me.eu\/","name":"","description":"","potentialAction":[{"@type":"SearchAction","target":{"@type":"EntryPoint","urlTemplate":"https:\/\/learn-with-me.eu\/?s={search_term_string}"},"query-input":"required name=search_term_string"}],"inLanguage":"hu"}]}},"_links":{"self":[{"href":"https:\/\/learn-with-me.eu\/index.php?rest_route=\/wp\/v2\/pages\/149"}],"collection":[{"href":"https:\/\/learn-with-me.eu\/index.php?rest_route=\/wp\/v2\/pages"}],"about":[{"href":"https:\/\/learn-with-me.eu\/index.php?rest_route=\/wp\/v2\/types\/page"}],"author":[{"embeddable":true,"href":"https:\/\/learn-with-me.eu\/index.php?rest_route=\/wp\/v2\/users\/1"}],"replies":[{"embeddable":true,"href":"https:\/\/learn-with-me.eu\/index.php?rest_route=%2Fwp%2Fv2%2Fcomments&post=149"}],"version-history":[{"count":2,"href":"https:\/\/learn-with-me.eu\/index.php?rest_route=\/wp\/v2\/pages\/149\/revisions"}],"predecessor-version":[{"id":488,"href":"https:\/\/learn-with-me.eu\/index.php?rest_route=\/wp\/v2\/pages\/149\/revisions\/488"}],"wp:attachment":[{"href":"https:\/\/learn-with-me.eu\/index.php?rest_route=%2Fwp%2Fv2%2Fmedia&parent=149"}],"curies":[{"name":"wp","href":"https:\/\/api.w.org\/{rel}","templated":true}]}}