{"id":185,"date":"2023-04-19T14:22:51","date_gmt":"2023-04-19T12:22:51","guid":{"rendered":"https:\/\/learn-with-me.eu\/?page_id=185"},"modified":"2023-10-25T22:26:50","modified_gmt":"2023-10-25T20:26:50","slug":"how-to-use-it-deutsch","status":"publish","type":"page","link":"https:\/\/learn-with-me.eu\/?page_id=185&lang=de","title":{"rendered":"How to use it &#8211; Deutsch"},"content":{"rendered":"\n<figure class=\"wp-block-video\"><video controls poster=\"http:\/\/learn-with-me.eu\/wp-content\/uploads\/2023\/10\/LWM_DE-m4v-image.jpg\" src=\"http:\/\/learn-with-me.eu\/wp-content\/uploads\/2023\/10\/LWM_DE.m4v\"><\/video><\/figure>\n\n\n\n<ol>\n<li><a href=\"https:\/\/learn-with-me.eu\/?page_id=26\">Laden<\/a> Sie die neueste Version der Software herunter<\/li>\n\n\n\n<li>Entpacken Sie die .zip-Datei und f\u00fchren Sie die .exe-Datei aus<\/li>\n\n\n\n<li>Einloggen. Verwenden Sie immer denselben Anmeldenamen!<\/li>\n\n\n\n<li>W\u00e4hlen Sie einen Beispieltyp<\/li>\n\n\n\n<li>Schwierigkeitsgrad w\u00e4hlen<\/li>\n\n\n\n<li>Beispiel generieren<\/li>\n\n\n\n<li>L\u00f6sen Sie das Beispiel<\/li>\n\n\n\n<li>Pr\u00fcfen Sie Ihre Ergebnisse<\/li>\n\n\n\n<li>Berechnen Sie gegebenenfalls das Beispiel neu<\/li>\n\n\n\n<li>Wenn Sie den Fehler nicht ausfindig machen k\u00f6nnen, sehen Sie sich die schrittweise Berechnung an<\/li>\n\n\n\n<li>Wenn Sie eine Wiederholung ben\u00f6tigen, lesen Sie die Regeln f\u00fcr theoretische Konzepte<\/li>\n\n\n\n<li>Trainiere und erreiche alle Erfolge<\/li>\n<\/ol>\n\n\n\n<p><\/p>\n","protected":false},"excerpt":{"rendered":"","protected":false},"author":1,"featured_media":0,"parent":0,"menu_order":0,"comment_status":"closed","ping_status":"closed","template":"","meta":{"_mi_skip_tracking":false,"site-sidebar-layout":"default","site-content-layout":"default","ast-global-header-display":"","ast-main-header-display":"","ast-hfb-above-header-display":"","ast-hfb-below-header-display":"","ast-hfb-mobile-header-display":"","site-post-title":"disabled","ast-breadcrumbs-content":"","ast-featured-img":"","footer-sml-layout":"","theme-transparent-header-meta":"","adv-header-id-meta":"","stick-header-meta":"","header-above-stick-meta":"","header-main-stick-meta":"","header-below-stick-meta":""},"yoast_head":"<!-- This site is optimized with the Yoast SEO plugin v20.5 - https:\/\/yoast.com\/wordpress\/plugins\/seo\/ -->\n<title>How to use it - Deutsch -<\/title>\n<meta name=\"robots\" content=\"index, follow, max-snippet:-1, max-image-preview:large, max-video-preview:-1\" \/>\n<link rel=\"canonical\" href=\"https:\/\/learn-with-me.eu\/?page_id=185&lang=de\" \/>\n<meta property=\"og:locale\" content=\"hu_HU\" \/>\n<meta property=\"og:type\" content=\"article\" \/>\n<meta property=\"og:title\" content=\"How to use it - Deutsch -\" \/>\n<meta property=\"og:url\" content=\"https:\/\/learn-with-me.eu\/?page_id=185&amp;lang=de\" \/>\n<meta property=\"article:modified_time\" content=\"2023-10-25T20:26:50+00:00\" \/>\n<meta name=\"twitter:card\" content=\"summary_large_image\" \/>\n<meta name=\"twitter:label1\" content=\"Becs\u00fclt olvas\u00e1si id\u0151\" \/>\n\t<meta name=\"twitter:data1\" content=\"1 perc\" \/>\n<script type=\"application\/ld+json\" class=\"yoast-schema-graph\">{\"@context\":\"https:\/\/schema.org\",\"@graph\":[{\"@type\":\"WebPage\",\"@id\":\"https:\/\/learn-with-me.eu\/?page_id=185&lang=de\",\"url\":\"https:\/\/learn-with-me.eu\/?page_id=185&lang=de\",\"name\":\"How to use it - Deutsch -\",\"isPartOf\":{\"@id\":\"https:\/\/learn-with-me.eu\/#website\"},\"datePublished\":\"2023-04-19T12:22:51+00:00\",\"dateModified\":\"2023-10-25T20:26:50+00:00\",\"breadcrumb\":{\"@id\":\"https:\/\/learn-with-me.eu\/?page_id=185&lang=de#breadcrumb\"},\"inLanguage\":\"hu\",\"potentialAction\":[{\"@type\":\"ReadAction\",\"target\":[\"https:\/\/learn-with-me.eu\/?page_id=185&lang=de\"]}]},{\"@type\":\"BreadcrumbList\",\"@id\":\"https:\/\/learn-with-me.eu\/?page_id=185&lang=de#breadcrumb\",\"itemListElement\":[{\"@type\":\"ListItem\",\"position\":1,\"name\":\"Home\",\"item\":\"https:\/\/learn-with-me.eu\/\"},{\"@type\":\"ListItem\",\"position\":2,\"name\":\"How to use it &#8211; Deutsch\"}]},{\"@type\":\"WebSite\",\"@id\":\"https:\/\/learn-with-me.eu\/#website\",\"url\":\"https:\/\/learn-with-me.eu\/\",\"name\":\"\",\"description\":\"\",\"potentialAction\":[{\"@type\":\"SearchAction\",\"target\":{\"@type\":\"EntryPoint\",\"urlTemplate\":\"https:\/\/learn-with-me.eu\/?s={search_term_string}\"},\"query-input\":\"required name=search_term_string\"}],\"inLanguage\":\"hu\"}]}<\/script>\n<!-- \/ Yoast SEO plugin. -->","yoast_head_json":{"title":"How to use it - Deutsch -","robots":{"index":"index","follow":"follow","max-snippet":"max-snippet:-1","max-image-preview":"max-image-preview:large","max-video-preview":"max-video-preview:-1"},"canonical":"https:\/\/learn-with-me.eu\/?page_id=185&lang=de","og_locale":"hu_HU","og_type":"article","og_title":"How to use it - Deutsch -","og_url":"https:\/\/learn-with-me.eu\/?page_id=185&lang=de","article_modified_time":"2023-10-25T20:26:50+00:00","twitter_card":"summary_large_image","twitter_misc":{"Becs\u00fclt olvas\u00e1si id\u0151":"1 perc"},"schema":{"@context":"https:\/\/schema.org","@graph":[{"@type":"WebPage","@id":"https:\/\/learn-with-me.eu\/?page_id=185&lang=de","url":"https:\/\/learn-with-me.eu\/?page_id=185&lang=de","name":"How to use it - Deutsch -","isPartOf":{"@id":"https:\/\/learn-with-me.eu\/#website"},"datePublished":"2023-04-19T12:22:51+00:00","dateModified":"2023-10-25T20:26:50+00:00","breadcrumb":{"@id":"https:\/\/learn-with-me.eu\/?page_id=185&lang=de#breadcrumb"},"inLanguage":"hu","potentialAction":[{"@type":"ReadAction","target":["https:\/\/learn-with-me.eu\/?page_id=185&lang=de"]}]},{"@type":"BreadcrumbList","@id":"https:\/\/learn-with-me.eu\/?page_id=185&lang=de#breadcrumb","itemListElement":[{"@type":"ListItem","position":1,"name":"Home","item":"https:\/\/learn-with-me.eu\/"},{"@type":"ListItem","position":2,"name":"How to use it &#8211; Deutsch"}]},{"@type":"WebSite","@id":"https:\/\/learn-with-me.eu\/#website","url":"https:\/\/learn-with-me.eu\/","name":"","description":"","potentialAction":[{"@type":"SearchAction","target":{"@type":"EntryPoint","urlTemplate":"https:\/\/learn-with-me.eu\/?s={search_term_string}"},"query-input":"required name=search_term_string"}],"inLanguage":"hu"}]}},"_links":{"self":[{"href":"https:\/\/learn-with-me.eu\/index.php?rest_route=\/wp\/v2\/pages\/185"}],"collection":[{"href":"https:\/\/learn-with-me.eu\/index.php?rest_route=\/wp\/v2\/pages"}],"about":[{"href":"https:\/\/learn-with-me.eu\/index.php?rest_route=\/wp\/v2\/types\/page"}],"author":[{"embeddable":true,"href":"https:\/\/learn-with-me.eu\/index.php?rest_route=\/wp\/v2\/users\/1"}],"replies":[{"embeddable":true,"href":"https:\/\/learn-with-me.eu\/index.php?rest_route=%2Fwp%2Fv2%2Fcomments&post=185"}],"version-history":[{"count":2,"href":"https:\/\/learn-with-me.eu\/index.php?rest_route=\/wp\/v2\/pages\/185\/revisions"}],"predecessor-version":[{"id":492,"href":"https:\/\/learn-with-me.eu\/index.php?rest_route=\/wp\/v2\/pages\/185\/revisions\/492"}],"wp:attachment":[{"href":"https:\/\/learn-with-me.eu\/index.php?rest_route=%2Fwp%2Fv2%2Fmedia&parent=185"}],"curies":[{"name":"wp","href":"https:\/\/api.w.org\/{rel}","templated":true}]}}