{"id":93,"date":"2023-04-18T20:07:06","date_gmt":"2023-04-18T18:07:06","guid":{"rendered":"https:\/\/learn-with-me.eu\/?page_id=93"},"modified":"2025-02-06T10:35:06","modified_gmt":"2025-02-06T09:35:06","slug":"about-the-software-magyar","status":"publish","type":"page","link":"https:\/\/learn-with-me.eu\/?page_id=93&lang=hu","title":{"rendered":"A szoftverr\u0151l"},"content":{"rendered":"\n<p><\/p>\n\n\n\n<p class=\"has-text-color\" style=\"color:#0c1d7a\">Ez a oktat\u00f3szoftver a matematika oktat\u00e1s el\u0151seg\u00edt\u00e9se \u00e9rdek\u00e9ben lett l\u00e9trehozva.<br><br>A <strong>Learn with M.E.<\/strong> (Math Educator) egy olyan oktat\u00f3szoftver, amely k\u00fcl\u00f6nb\u00f6z\u0151 neh\u00e9zs\u00e9gi szinten biztos\u00edt feladatgener\u00e1l\u00e1st \u00f6sszead\u00e1s, kivon\u00e1s, szorz\u00e1s, oszt\u00e1s \u00e9s z\u00e1r\u00f3jeles feladatok form\u00e1j\u00e1ban. A szoftver \u00e9rt\u00e9keli a di\u00e1kok eredm\u00e9nyeit \u00e9s folyamatosan archiv\u00e1lja a tanul\u00f3k el\u0151rehalad\u00e1s\u00e1t.&nbsp;<br><br>A szoftver c\u00e9lja a <strong>szem\u00e9lyre szabott<\/strong> tananyag el\u0151\u00e1ll\u00edt\u00e1s\u00e1nak az el\u0151seg\u00edt\u00e9se. Ez alatt az \u00e9rtend\u0151, hogy a sz\u00e1m\u00edt\u00e1s sor\u00e1n a szoftver megpr\u00f3b\u00e1l r\u00e1j\u00f6nni, hogy mik okozhatj\u00e1k a tanul\u00f3k gyenges\u00e9geit \u00e9s a levont k\u00f6vetkeztet\u00e9seket megosztja a di\u00e1kkal \u00e9s a tan\u00e1rral egyar\u00e1nt.&nbsp; A tanul\u00f3 a szoftver seg\u00edts\u00e9g\u00e9vel gyakorolhat \u00e9s az elm\u00e9leti ism\u00e9tl\u00e9st is v\u00e9grehajthatja. Az oktat\u00f3 az egyes tanul\u00f3hoz tartoz\u00f3 arch\u00edvumb\u00f3l egy\u00e9rtelm\u0171en l\u00e1tja, hogy mik a di\u00e1k gyenges\u00e9gei, \u00edgy annak megfelel\u0151en tud szem\u00e9lyre szabott feladatokat \u00e9s teszteket el\u0151\u00e1ll\u00edtani.<\/p>\n\n\n\n<figure class=\"is-layout-flex wp-block-gallery-1 wp-block-gallery has-nested-images columns-default is-cropped\">\n<figure class=\"wp-block-image size-large\"><img decoding=\"async\" loading=\"lazy\" width=\"1024\" height=\"452\" data-id=\"629\"  src=\"https:\/\/learn-with-me.eu\/wp-content\/uploads\/2024\/02\/HU-FINAL-1024x452.jpg\" alt=\"\" class=\"wp-image-629\" srcset=\"https:\/\/learn-with-me.eu\/wp-content\/uploads\/2024\/02\/HU-FINAL-1024x452.jpg 1024w, https:\/\/learn-with-me.eu\/wp-content\/uploads\/2024\/02\/HU-FINAL-300x132.jpg 300w, https:\/\/learn-with-me.eu\/wp-content\/uploads\/2024\/02\/HU-FINAL-768x339.jpg 768w, https:\/\/learn-with-me.eu\/wp-content\/uploads\/2024\/02\/HU-FINAL-1536x677.jpg 1536w, https:\/\/learn-with-me.eu\/wp-content\/uploads\/2024\/02\/HU-FINAL-2048x903.jpg 2048w\" sizes=\"(max-width: 1024px) 100vw, 1024px\" \/><figcaption class=\"wp-element-caption\">Learn with M.E. eredm\u00e9nyek &#8211; 2023.szeptember (v1.3) &#8211; 2024.janu\u00e1r (v1.7)<\/figcaption><\/figure>\n<\/figure>\n\n\n\n<p class=\"has-text-color\" style=\"color:#0c1d7a\"><br><strong>Mi\u00e9rt is fontos?<\/strong><\/p>\n\n\n\n<p class=\"has-text-color\" style=\"color:#0c1d7a\">Az \u00e1ltal\u00e1nos iskolai matematika alapvet\u0151 fontoss\u00e1ggal b\u00edr a gyermekek logikus gondolkod\u00e1s\u00e1nak fejl\u0151d\u00e9s\u00e9ben. Az alapm\u0171veletek megfelel\u0151 elsaj\u00e1t\u00edt\u00e1sa kulcsfontoss\u00e1g\u00fa az eg\u00e9sz matematikai oktat\u00e1st figyelembe v\u00e9ve. Az \u00f6sszead\u00e1s, kivon\u00e1s, szorz\u00e1s \u00e9s oszt\u00e1s a matematikai probl\u00e9m\u00e1k megold\u00e1s\u00e1nak alapj\u00e1t k\u00e9pezik, \u00e9s ezeket a m\u0171veleteket gyakran alkalmazzuk a mindennapi \u00e9let\u00fcnk sor\u00e1n. Megfelel\u0151 elsaj\u00e1t\u00edt\u00e1suk lehet\u0151v\u00e9 teszi a di\u00e1kok sz\u00e1m\u00e1ra, hogy meg\u00e9rts\u00e9k a matematikai probl\u00e9m\u00e1k \u00e9s k\u00e9pletek m\u0171k\u00f6d\u00e9s\u00e9t, melynek k\u00f6vetkezt\u00e9ben k\u00e9pesek lesznek hat\u00e9konyabban \u00e9s pontosabban megoldani a k\u00fcl\u00f6nb\u00f6z\u0151 matematikai feladatokat.<br><br>A m\u0171veleti jelek jelzik, hogy milyen m\u0171veletet kell elv\u00e9gezni a sz\u00e1mokkal, \u00e9s milyen sorrendben kell azt v\u00e9grehajtani. Az alapm\u0171veletek helytelen jel\u00f6l\u00e9se vagy azok felcser\u00e9l\u00e9se a matematikai probl\u00e9m\u00e1k hib\u00e1s megold\u00e1s\u00e1hoz vezethet. P\u00e9ld\u00e1ul, ha egy \u00f6sszead\u00e1st vagy szorz\u00e1st helytelen\u00fcl jel\u00f6l\u00fcnk meg, akkor a m\u0171velet eredm\u00e9nye is helytelen lesz. Ha egy kivon\u00e1st vagy oszt\u00e1st helytelen\u00fcl jel\u00f6l\u00fcnk meg, akkor a m\u0171velet v\u00e9geredm\u00e9nye szint\u00e9n hib\u00e1s lesz.<br><br>Egy tov\u00e1bbi gyakran el\u0151fordul\u00f3 hiba a sz\u00e1m\u00edt\u00e1si menet priorit\u00e1s\u00e1nak a figyelmen k\u00edv\u00fcl hagy\u00e1sa. Ha az alapm\u0171veletek sorrendj\u00e9t nem tartjuk be, vagy azokat rosszul jel\u00f6lj\u00fck meg, akkor a v\u00e9geredm\u00e9ny is hib\u00e1s lehet. P\u00e9ld\u00e1ul, ha a m\u0171veleteket nem a megfelel\u0151 sorrendben v\u00e9gzik el, akkor az eredm\u00e9ny elt\u00e9rhet a helyes eredm\u00e9nyt\u0151l. A sz\u00e1m\u00edt\u00e1si sorrend meghat\u00e1rozza, hogy az egyes m\u0171veletek milyen sorrendben hajt\u00f3dnak v\u00e9gre, \u00e9s ha a di\u00e1kok nem \u00e9rtik meg az ezekre vonatkoz\u00f3 szab\u00e1lyokat, akkor ebb\u0151l ad\u00f3d\u00f3an a k\u00f6vetkez\u0151, magasabb szint\u0171 feladatok is neh\u00e9zz\u00e9 v\u00e1lhatnak. A di\u00e1kok, akik megfelel\u0151en elsaj\u00e1t\u00edtj\u00e1k ezeket az ismereteket, k\u00e9s\u0151bb k\u00f6nnyebben meg\u00e9rtik majd az algebrai kifejez\u00e9seket \u00e9s m\u00e1s \u00f6sszetettebb matematikai feladatokat is. A m\u0171veleti jelek megfelel\u0151 alkalmaz\u00e1sa \u00e9s a helyes sorrend betart\u00e1sa ez\u00e9rt is kulcsfontoss\u00e1g\u00fa a matematikai probl\u00e9m\u00e1k helyes megold\u00e1s\u00e1hoz.<\/p>\n\n\n\n<p class=\"has-text-color\" style=\"color:#0c1d7a\"><br><strong>A szoftver lehet\u0151s\u00e9geit \u00e9s eredm\u00e9nyeit bemutat\u00f3 publik\u00e1ci\u00f3k<\/strong><br><br>Annu\u0161, N. 2021. Artificial Intelligence as Tool to Promote Education. DisCo 2021: Active Learning in Digital Era: How Digital Tools promote a Conscious, Open-minded, Creative and Social-Oriented Thinking -16th conference reader. Prague: Centre for Higher Education Studies, pp. 118-126, ISBN: 978-80-86302-88-1.<br><br>Annu\u0161, N. 2022. ASSISTING THE TEACHING OF MATHEMATICS IN PRIMARY SCHOOLS USING INTELLIGENT SOFTWARE. EDULEARN22 Proceedings: 14th International Conference on Education and New Learning Technologies, pp. 5096-5102, ISBN: 978-84-09-42484-9.<br><br>Annu\u0161, N. 2024. EDUCATIONAL SOFTWARE AND ARTIFICIAL INTELLIGENCE: STUDENTS\u2019 EXPERIENCES AND INNOVATIVE SOLUTIONS. <em>ITLT<\/em>, vol. 101, no. 3, pp. 200\u2013226, doi: 10.33407\/itlt.v101i3.5479.<br><br>Annu\u0161, N. &amp; Kme\u0165, T. 2024. &#8222;Learn with M.E.\u2014Let Us Boost Personalized Learning in K-12 Math Education!&#8221; Education Sciences 14, no. 7: 773. https:\/\/doi.org\/10.3390\/educsci14070773<br><br>Annu\u0161, N. 2024 &#8211; IDENTIFYING MATHEMATICAL DIFFICULTIES OFPRIMARY SCHOOL STUDENTS USING ARTIFICIALINTELLIGENCE-BASED EDUCATIONAL SOFTWARE &#8211; \u00c1LTAL\u00c1NOS ISKOL\u00c1S DI\u00c1KOK MATEMATIKAI NEH\u00c9ZS\u00c9GEINEK FELT\u00c1R\u00c1SA MESTERS\u00c9GES INTELLIGENCIA ALAP\u00da OKTAT\u00d3SZOFTVEREKKEL. XXXVII. DIDMATTECH 2024 Conference At: J. SELYE UNIVERSITY FACULTY OF ECONOMICS AND INFORMATICS, Kom\u00e1rno. Link: <a href=\"https:\/\/www.researchgate.net\/publication\/388270779_ALTALANOS_ISKOLAS_DIAKOK_MATEMATIKAI_NEHEZSEGEINEK_FELTARASA_MESTERSEGES_INTELLIGENCIA_ALAPU_OKTATOSZOFTVEREKKEL\" target=\"_blank\" rel=\"noreferrer noopener\">ResearchGate<\/a><\/p>\n\n\n\n<p class=\"has-text-color\" style=\"color:#0c1d7a\"><br><\/p>\n","protected":false},"excerpt":{"rendered":"<p>Ez a oktat\u00f3szoftver a matematika oktat\u00e1s el\u0151seg\u00edt\u00e9se \u00e9rdek\u00e9ben lett l\u00e9trehozva. A Learn with M.E. (Math Educator) egy olyan oktat\u00f3szoftver, amely k\u00fcl\u00f6nb\u00f6z\u0151 neh\u00e9zs\u00e9gi szinten biztos\u00edt feladatgener\u00e1l\u00e1st \u00f6sszead\u00e1s, kivon\u00e1s, szorz\u00e1s, oszt\u00e1s \u00e9s z\u00e1r\u00f3jeles feladatok form\u00e1j\u00e1ban. A szoftver \u00e9rt\u00e9keli a di\u00e1kok eredm\u00e9nyeit \u00e9s folyamatosan archiv\u00e1lja a tanul\u00f3k el\u0151rehalad\u00e1s\u00e1t.&nbsp; A szoftver c\u00e9lja a szem\u00e9lyre szabott tananyag el\u0151\u00e1ll\u00edt\u00e1s\u00e1nak az el\u0151seg\u00edt\u00e9se. &hellip;<\/p>\n<p class=\"read-more\"> <a class=\"\" href=\"https:\/\/learn-with-me.eu\/?page_id=93&#038;lang=hu\"> <span class=\"screen-reader-text\">A szoftverr\u0151l<\/span> Read More &raquo;<\/a><\/p>\n","protected":false},"author":1,"featured_media":0,"parent":0,"menu_order":0,"comment_status":"closed","ping_status":"closed","template":"","meta":{"_mi_skip_tracking":false,"site-sidebar-layout":"default","site-content-layout":"default","ast-global-header-display":"","ast-main-header-display":"","ast-hfb-above-header-display":"","ast-hfb-below-header-display":"","ast-hfb-mobile-header-display":"","site-post-title":"disabled","ast-breadcrumbs-content":"","ast-featured-img":"","footer-sml-layout":"","theme-transparent-header-meta":"","adv-header-id-meta":"","stick-header-meta":"","header-above-stick-meta":"","header-main-stick-meta":"","header-below-stick-meta":""},"yoast_head":"<!-- This site is optimized with the Yoast SEO plugin v20.5 - https:\/\/yoast.com\/wordpress\/plugins\/seo\/ -->\n<title>A szoftverr\u0151l -<\/title>\n<meta name=\"robots\" content=\"index, follow, max-snippet:-1, max-image-preview:large, max-video-preview:-1\" \/>\n<link rel=\"canonical\" href=\"https:\/\/learn-with-me.eu\/?page_id=93&lang=hu\" \/>\n<meta property=\"og:locale\" content=\"hu_HU\" \/>\n<meta property=\"og:type\" content=\"article\" \/>\n<meta property=\"og:title\" content=\"A szoftverr\u0151l -\" \/>\n<meta property=\"og:description\" content=\"Ez a oktat\u00f3szoftver a matematika oktat\u00e1s el\u0151seg\u00edt\u00e9se \u00e9rdek\u00e9ben lett l\u00e9trehozva. A Learn with M.E. (Math Educator) egy olyan oktat\u00f3szoftver, amely k\u00fcl\u00f6nb\u00f6z\u0151 neh\u00e9zs\u00e9gi szinten biztos\u00edt feladatgener\u00e1l\u00e1st \u00f6sszead\u00e1s, kivon\u00e1s, szorz\u00e1s, oszt\u00e1s \u00e9s z\u00e1r\u00f3jeles feladatok form\u00e1j\u00e1ban. A szoftver \u00e9rt\u00e9keli a di\u00e1kok eredm\u00e9nyeit \u00e9s folyamatosan archiv\u00e1lja a tanul\u00f3k el\u0151rehalad\u00e1s\u00e1t.&nbsp; A szoftver c\u00e9lja a szem\u00e9lyre szabott tananyag el\u0151\u00e1ll\u00edt\u00e1s\u00e1nak az el\u0151seg\u00edt\u00e9se. &hellip; A szoftverr\u0151l Read More &raquo;\" \/>\n<meta property=\"og:url\" content=\"https:\/\/learn-with-me.eu\/?page_id=93&amp;lang=hu\" \/>\n<meta property=\"article:modified_time\" content=\"2025-02-06T09:35:06+00:00\" \/>\n<meta property=\"og:image\" content=\"https:\/\/learn-with-me.eu\/wp-content\/uploads\/2024\/02\/HU-FINAL-1024x452.jpg\" \/>\n<meta name=\"twitter:card\" content=\"summary_large_image\" \/>\n<meta name=\"twitter:label1\" content=\"Becs\u00fclt olvas\u00e1si id\u0151\" \/>\n\t<meta name=\"twitter:data1\" content=\"4 perc\" \/>\n<script type=\"application\/ld+json\" class=\"yoast-schema-graph\">{\"@context\":\"https:\/\/schema.org\",\"@graph\":[{\"@type\":\"WebPage\",\"@id\":\"https:\/\/learn-with-me.eu\/?page_id=93&lang=hu\",\"url\":\"https:\/\/learn-with-me.eu\/?page_id=93&lang=hu\",\"name\":\"A szoftverr\u0151l -\",\"isPartOf\":{\"@id\":\"https:\/\/learn-with-me.eu\/#website\"},\"datePublished\":\"2023-04-18T18:07:06+00:00\",\"dateModified\":\"2025-02-06T09:35:06+00:00\",\"breadcrumb\":{\"@id\":\"https:\/\/learn-with-me.eu\/?page_id=93&lang=hu#breadcrumb\"},\"inLanguage\":\"hu\",\"potentialAction\":[{\"@type\":\"ReadAction\",\"target\":[\"https:\/\/learn-with-me.eu\/?page_id=93&lang=hu\"]}]},{\"@type\":\"BreadcrumbList\",\"@id\":\"https:\/\/learn-with-me.eu\/?page_id=93&lang=hu#breadcrumb\",\"itemListElement\":[{\"@type\":\"ListItem\",\"position\":1,\"name\":\"Home\",\"item\":\"https:\/\/learn-with-me.eu\/\"},{\"@type\":\"ListItem\",\"position\":2,\"name\":\"A szoftverr\u0151l\"}]},{\"@type\":\"WebSite\",\"@id\":\"https:\/\/learn-with-me.eu\/#website\",\"url\":\"https:\/\/learn-with-me.eu\/\",\"name\":\"\",\"description\":\"\",\"potentialAction\":[{\"@type\":\"SearchAction\",\"target\":{\"@type\":\"EntryPoint\",\"urlTemplate\":\"https:\/\/learn-with-me.eu\/?s={search_term_string}\"},\"query-input\":\"required name=search_term_string\"}],\"inLanguage\":\"hu\"}]}<\/script>\n<!-- \/ Yoast SEO plugin. -->","yoast_head_json":{"title":"A szoftverr\u0151l -","robots":{"index":"index","follow":"follow","max-snippet":"max-snippet:-1","max-image-preview":"max-image-preview:large","max-video-preview":"max-video-preview:-1"},"canonical":"https:\/\/learn-with-me.eu\/?page_id=93&lang=hu","og_locale":"hu_HU","og_type":"article","og_title":"A szoftverr\u0151l -","og_description":"Ez a oktat\u00f3szoftver a matematika oktat\u00e1s el\u0151seg\u00edt\u00e9se \u00e9rdek\u00e9ben lett l\u00e9trehozva. A Learn with M.E. (Math Educator) egy olyan oktat\u00f3szoftver, amely k\u00fcl\u00f6nb\u00f6z\u0151 neh\u00e9zs\u00e9gi szinten biztos\u00edt feladatgener\u00e1l\u00e1st \u00f6sszead\u00e1s, kivon\u00e1s, szorz\u00e1s, oszt\u00e1s \u00e9s z\u00e1r\u00f3jeles feladatok form\u00e1j\u00e1ban. A szoftver \u00e9rt\u00e9keli a di\u00e1kok eredm\u00e9nyeit \u00e9s folyamatosan archiv\u00e1lja a tanul\u00f3k el\u0151rehalad\u00e1s\u00e1t.&nbsp; A szoftver c\u00e9lja a szem\u00e9lyre szabott tananyag el\u0151\u00e1ll\u00edt\u00e1s\u00e1nak az el\u0151seg\u00edt\u00e9se. &hellip; A szoftverr\u0151l Read More &raquo;","og_url":"https:\/\/learn-with-me.eu\/?page_id=93&lang=hu","article_modified_time":"2025-02-06T09:35:06+00:00","og_image":[{"url":"https:\/\/learn-with-me.eu\/wp-content\/uploads\/2024\/02\/HU-FINAL-1024x452.jpg"}],"twitter_card":"summary_large_image","twitter_misc":{"Becs\u00fclt olvas\u00e1si id\u0151":"4 perc"},"schema":{"@context":"https:\/\/schema.org","@graph":[{"@type":"WebPage","@id":"https:\/\/learn-with-me.eu\/?page_id=93&lang=hu","url":"https:\/\/learn-with-me.eu\/?page_id=93&lang=hu","name":"A szoftverr\u0151l -","isPartOf":{"@id":"https:\/\/learn-with-me.eu\/#website"},"datePublished":"2023-04-18T18:07:06+00:00","dateModified":"2025-02-06T09:35:06+00:00","breadcrumb":{"@id":"https:\/\/learn-with-me.eu\/?page_id=93&lang=hu#breadcrumb"},"inLanguage":"hu","potentialAction":[{"@type":"ReadAction","target":["https:\/\/learn-with-me.eu\/?page_id=93&lang=hu"]}]},{"@type":"BreadcrumbList","@id":"https:\/\/learn-with-me.eu\/?page_id=93&lang=hu#breadcrumb","itemListElement":[{"@type":"ListItem","position":1,"name":"Home","item":"https:\/\/learn-with-me.eu\/"},{"@type":"ListItem","position":2,"name":"A szoftverr\u0151l"}]},{"@type":"WebSite","@id":"https:\/\/learn-with-me.eu\/#website","url":"https:\/\/learn-with-me.eu\/","name":"","description":"","potentialAction":[{"@type":"SearchAction","target":{"@type":"EntryPoint","urlTemplate":"https:\/\/learn-with-me.eu\/?s={search_term_string}"},"query-input":"required name=search_term_string"}],"inLanguage":"hu"}]}},"_links":{"self":[{"href":"https:\/\/learn-with-me.eu\/index.php?rest_route=\/wp\/v2\/pages\/93"}],"collection":[{"href":"https:\/\/learn-with-me.eu\/index.php?rest_route=\/wp\/v2\/pages"}],"about":[{"href":"https:\/\/learn-with-me.eu\/index.php?rest_route=\/wp\/v2\/types\/page"}],"author":[{"embeddable":true,"href":"https:\/\/learn-with-me.eu\/index.php?rest_route=\/wp\/v2\/users\/1"}],"replies":[{"embeddable":true,"href":"https:\/\/learn-with-me.eu\/index.php?rest_route=%2Fwp%2Fv2%2Fcomments&post=93"}],"version-history":[{"count":5,"href":"https:\/\/learn-with-me.eu\/index.php?rest_route=\/wp\/v2\/pages\/93\/revisions"}],"predecessor-version":[{"id":658,"href":"https:\/\/learn-with-me.eu\/index.php?rest_route=\/wp\/v2\/pages\/93\/revisions\/658"}],"wp:attachment":[{"href":"https:\/\/learn-with-me.eu\/index.php?rest_route=%2Fwp%2Fv2%2Fmedia&parent=93"}],"curies":[{"name":"wp","href":"https:\/\/api.w.org\/{rel}","templated":true}]}}