{"id":95,"date":"2023-04-18T20:07:06","date_gmt":"2023-04-18T18:07:06","guid":{"rendered":"https:\/\/learn-with-me.eu\/?page_id=95"},"modified":"2025-02-06T10:37:22","modified_gmt":"2025-02-06T09:37:22","slug":"about-the-software-deutsch","status":"publish","type":"page","link":"https:\/\/learn-with-me.eu\/?page_id=95&lang=de","title":{"rendered":"About the software &#8211; Deutsch"},"content":{"rendered":"\n<p><\/p>\n\n\n\n<p class=\"has-text-color has-background\" style=\"color:#0c1d7a;background-color:#fff7e000\">Diese Lernsoftware wurde zur Unterst\u00fctzung des Mathematikunterrichts entwickelt.<br><br><strong>Learn with M.E.<\/strong> (Math Educator) ist eine Lernsoftware, die verschiedene Schwierigkeitsstufen in Form von Additions-, Subtraktions-, Multiplikations-, Divisions- und Klammeraufgaben bietet. Die Software bewertet die Ergebnisse der Sch\u00fcler und archiviert kontinuierlich die Fortschritte der Sch\u00fcler.<br><br>Die Software ist so konzipiert, dass sie die Erstellung von <strong>personalisiertem<\/strong> Lernmaterial erleichtert. Das bedeutet, dass die Software w\u00e4hrend des Rechnens versucht herauszufinden, was die Ursache f\u00fcr die Schw\u00e4chen des Sch\u00fclers sein k\u00f6nnte und die Schlussfolgerungen sowohl dem Sch\u00fcler als auch dem Lehrer mitteilt. Der Sch\u00fcler kann die Software auch zum \u00dcben und zur theoretischen Wiederholung nutzen. Der Tutor kann aus dem Archiv jedes einzelnen Sch\u00fclers klar erkennen, wo seine Schw\u00e4chen liegen, und kann dementsprechend personalisierte \u00dcbungen und Tests erstellen.<\/p>\n\n\n\n<figure class=\"is-layout-flex wp-block-gallery-1 wp-block-gallery has-nested-images columns-default is-cropped\">\n<figure class=\"wp-block-image size-large\"><img decoding=\"async\" loading=\"lazy\" width=\"1024\" height=\"374\" data-id=\"637\"  src=\"https:\/\/learn-with-me.eu\/wp-content\/uploads\/2024\/02\/DE-FINAL-1024x374.jpg\" alt=\"\" class=\"wp-image-637\" srcset=\"https:\/\/learn-with-me.eu\/wp-content\/uploads\/2024\/02\/DE-FINAL-1024x374.jpg 1024w, https:\/\/learn-with-me.eu\/wp-content\/uploads\/2024\/02\/DE-FINAL-300x110.jpg 300w, https:\/\/learn-with-me.eu\/wp-content\/uploads\/2024\/02\/DE-FINAL-768x280.jpg 768w, https:\/\/learn-with-me.eu\/wp-content\/uploads\/2024\/02\/DE-FINAL-1536x561.jpg 1536w, https:\/\/learn-with-me.eu\/wp-content\/uploads\/2024\/02\/DE-FINAL-2048x748.jpg 2048w\" sizes=\"(max-width: 1024px) 100vw, 1024px\" \/><figcaption class=\"wp-element-caption\">Learn with M.E. Ergebnisse &#8211; September 2023 (v1.4) &#8211; January 2024 (v1.7)<\/figcaption><\/figure>\n<\/figure>\n\n\n\n<p class=\"has-text-color has-background\" style=\"color:#0c1d7a;background-color:#fff7e000\"><strong>Warum ist das wichtig?<\/strong><br><br>Die Grundschulmathematik ist f\u00fcr die Entwicklung des logischen Denkens der Kinder von wesentlicher Bedeutung. Der richtige Erwerb der Grundrechenarten ist f\u00fcr die gesamte mathematische Bildung von entscheidender Bedeutung. Addition, Subtraktion, Multiplikation und Division bilden die Grundlage f\u00fcr das L\u00f6sen mathematischer Probleme und werden in unserem Alltag h\u00e4ufig verwendet. Wenn die Sch\u00fclerinnen und Sch\u00fcler sie richtig beherrschen, k\u00f6nnen sie verstehen, wie mathematische Probleme und Formeln funktionieren, wodurch sie verschiedene mathematische Probleme effizienter und genauer l\u00f6sen k\u00f6nnen.<br><br>Operationssymbole geben an, welche Operation mit Zahlen in welcher Reihenfolge durchgef\u00fchrt werden muss. Eine falsche Kennzeichnung von Grundoperationen oder deren Umkehrung kann zu falschen L\u00f6sungen mathematischer Probleme f\u00fchren. Wenn beispielsweise eine Additions- oder Multiplikationsoperation falsch gekennzeichnet ist, ist auch das Ergebnis der Operation falsch. Wird eine Subtraktion oder Division falsch markiert, so ist auch das Ergebnis der Operation falsch.<br><br>Ein weiterer h\u00e4ufiger Fehler ist das Ignorieren der Priorit\u00e4t der Berechnung. Wird die Reihenfolge der Grundoperationen nicht beachtet oder werden sie falsch markiert, kann auch das Endergebnis falsch sein. Wenn beispielsweise die Operationen nicht in der richtigen Reihenfolge ausgef\u00fchrt werden, kann das Ergebnis vom richtigen Ergebnis abweichen. Die Rechenreihenfolge bestimmt, in welcher Reihenfolge die einzelnen Operationen ausgef\u00fchrt werden, und wenn die Sch\u00fclerinnen und Sch\u00fcler die Regeln f\u00fcr diese Operationen nicht verstehen, kann es sein, dass sie sp\u00e4tere Aufgaben auf h\u00f6herem Niveau schwieriger finden. Aus diesem Grund sind die korrekte Verwendung von Operationssymbolen und die Einhaltung der richtigen Reihenfolge der Schl\u00fcssel zum korrekten L\u00f6sen mathematischer Probleme.<br><br><br><strong>Ver\u00f6ffentlichungen zur Demonstration der F\u00e4higkeiten und Ergebnisse der Software<\/strong><br><br>Annu\u0161, N. 2021. Artificial Intelligence as Tool to Promote Education. DisCo 2021: Active Learning in Digital Era: How Digital Tools promote a Conscious, Open-minded, Creative and Social-Oriented Thinking -16th conference reader. Prague: Centre for Higher Education Studies, pp. 118-126, ISBN: 978-80-86302-88-1.<br><br>Annu\u0161, N. 2022. ASSISTING THE TEACHING OF MATHEMATICS IN PRIMARY SCHOOLS USING INTELLIGENT SOFTWARE. EDULEARN22 Proceedings: 14th International Conference on Education and New Learning Technologies, pp. 5096-5102, ISBN: 978-84-09-42484-9.<br><br>Annu\u0161, N. 2024. EDUCATIONAL SOFTWARE AND ARTIFICIAL INTELLIGENCE: STUDENTS\u2019 EXPERIENCES AND INNOVATIVE SOLUTIONS. <em>ITLT<\/em>, vol. 101, no. 3, pp. 200\u2013226, doi: 10.33407\/itlt.v101i3.5479.<br><br>Annu\u0161, N. &amp; Kme\u0165, T. 2024. &#8222;Learn with M.E.\u2014Let Us Boost Personalized Learning in K-12 Math Education!&#8221; Education Sciences 14, no. 7: 773. https:\/\/doi.org\/10.3390\/educsci14070773<br><br>Annu\u0161, N. 2024 &#8211; IDENTIFYING MATHEMATICAL DIFFICULTIES OFPRIMARY SCHOOL STUDENTS USING ARTIFICIALINTELLIGENCE-BASED EDUCATIONAL SOFTWARE &#8211; \u00c1LTAL\u00c1NOS ISKOL\u00c1S DI\u00c1KOK MATEMATIKAI NEH\u00c9ZS\u00c9GEINEK FELT\u00c1R\u00c1SA MESTERS\u00c9GES INTELLIGENCIA ALAP\u00da OKTAT\u00d3SZOFTVEREKKEL. XXXVII. DIDMATTECH 2024 Conference At: J. SELYE UNIVERSITY FACULTY OF ECONOMICS AND INFORMATICS, Kom\u00e1rno. Link: <a href=\"https:\/\/www.researchgate.net\/publication\/388270779_ALTALANOS_ISKOLAS_DIAKOK_MATEMATIKAI_NEHEZSEGEINEK_FELTARASA_MESTERSEGES_INTELLIGENCIA_ALAPU_OKTATOSZOFTVEREKKEL\" target=\"_blank\" rel=\"noreferrer noopener\">ResearchGate<\/a><\/p>\n\n\n\n<p><\/p>\n","protected":false},"excerpt":{"rendered":"<p>Diese Lernsoftware wurde zur Unterst\u00fctzung des Mathematikunterrichts entwickelt. Learn with M.E. (Math Educator) ist eine Lernsoftware, die verschiedene Schwierigkeitsstufen in Form von Additions-, Subtraktions-, Multiplikations-, Divisions- und Klammeraufgaben bietet. Die Software bewertet die Ergebnisse der Sch\u00fcler und archiviert kontinuierlich die Fortschritte der Sch\u00fcler. Die Software ist so konzipiert, dass sie die Erstellung von personalisiertem Lernmaterial &hellip;<\/p>\n<p class=\"read-more\"> <a class=\"\" href=\"https:\/\/learn-with-me.eu\/?page_id=95&#038;lang=de\"> <span class=\"screen-reader-text\">About the software &#8211; Deutsch<\/span> Read More &raquo;<\/a><\/p>\n","protected":false},"author":1,"featured_media":0,"parent":0,"menu_order":0,"comment_status":"closed","ping_status":"closed","template":"","meta":{"_mi_skip_tracking":false,"site-sidebar-layout":"default","site-content-layout":"default","ast-global-header-display":"","ast-main-header-display":"","ast-hfb-above-header-display":"","ast-hfb-below-header-display":"","ast-hfb-mobile-header-display":"","site-post-title":"disabled","ast-breadcrumbs-content":"","ast-featured-img":"","footer-sml-layout":"","theme-transparent-header-meta":"","adv-header-id-meta":"","stick-header-meta":"","header-above-stick-meta":"","header-main-stick-meta":"","header-below-stick-meta":""},"yoast_head":"<!-- This site is optimized with the Yoast SEO plugin v20.5 - https:\/\/yoast.com\/wordpress\/plugins\/seo\/ -->\n<title>About the software - Deutsch -<\/title>\n<meta name=\"robots\" content=\"index, follow, max-snippet:-1, max-image-preview:large, max-video-preview:-1\" \/>\n<link rel=\"canonical\" href=\"https:\/\/learn-with-me.eu\/?page_id=95&lang=de\" \/>\n<meta property=\"og:locale\" content=\"hu_HU\" \/>\n<meta property=\"og:type\" content=\"article\" \/>\n<meta property=\"og:title\" content=\"About the software - Deutsch -\" \/>\n<meta property=\"og:description\" content=\"Diese Lernsoftware wurde zur Unterst\u00fctzung des Mathematikunterrichts entwickelt. Learn with M.E. (Math Educator) ist eine Lernsoftware, die verschiedene Schwierigkeitsstufen in Form von Additions-, Subtraktions-, Multiplikations-, Divisions- und Klammeraufgaben bietet. Die Software bewertet die Ergebnisse der Sch\u00fcler und archiviert kontinuierlich die Fortschritte der Sch\u00fcler. Die Software ist so konzipiert, dass sie die Erstellung von personalisiertem Lernmaterial &hellip; About the software &#8211; Deutsch Read More &raquo;\" \/>\n<meta property=\"og:url\" content=\"https:\/\/learn-with-me.eu\/?page_id=95&amp;lang=de\" \/>\n<meta property=\"article:modified_time\" content=\"2025-02-06T09:37:22+00:00\" \/>\n<meta property=\"og:image\" content=\"https:\/\/learn-with-me.eu\/wp-content\/uploads\/2024\/02\/DE-FINAL-1024x374.jpg\" \/>\n<meta name=\"twitter:card\" content=\"summary_large_image\" \/>\n<meta name=\"twitter:label1\" content=\"Becs\u00fclt olvas\u00e1si id\u0151\" \/>\n\t<meta name=\"twitter:data1\" content=\"4 perc\" \/>\n<script type=\"application\/ld+json\" class=\"yoast-schema-graph\">{\"@context\":\"https:\/\/schema.org\",\"@graph\":[{\"@type\":\"WebPage\",\"@id\":\"https:\/\/learn-with-me.eu\/?page_id=95&lang=de\",\"url\":\"https:\/\/learn-with-me.eu\/?page_id=95&lang=de\",\"name\":\"About the software - Deutsch -\",\"isPartOf\":{\"@id\":\"https:\/\/learn-with-me.eu\/#website\"},\"datePublished\":\"2023-04-18T18:07:06+00:00\",\"dateModified\":\"2025-02-06T09:37:22+00:00\",\"breadcrumb\":{\"@id\":\"https:\/\/learn-with-me.eu\/?page_id=95&lang=de#breadcrumb\"},\"inLanguage\":\"hu\",\"potentialAction\":[{\"@type\":\"ReadAction\",\"target\":[\"https:\/\/learn-with-me.eu\/?page_id=95&lang=de\"]}]},{\"@type\":\"BreadcrumbList\",\"@id\":\"https:\/\/learn-with-me.eu\/?page_id=95&lang=de#breadcrumb\",\"itemListElement\":[{\"@type\":\"ListItem\",\"position\":1,\"name\":\"Home\",\"item\":\"https:\/\/learn-with-me.eu\/\"},{\"@type\":\"ListItem\",\"position\":2,\"name\":\"About the software &#8211; Deutsch\"}]},{\"@type\":\"WebSite\",\"@id\":\"https:\/\/learn-with-me.eu\/#website\",\"url\":\"https:\/\/learn-with-me.eu\/\",\"name\":\"\",\"description\":\"\",\"potentialAction\":[{\"@type\":\"SearchAction\",\"target\":{\"@type\":\"EntryPoint\",\"urlTemplate\":\"https:\/\/learn-with-me.eu\/?s={search_term_string}\"},\"query-input\":\"required name=search_term_string\"}],\"inLanguage\":\"hu\"}]}<\/script>\n<!-- \/ Yoast SEO plugin. -->","yoast_head_json":{"title":"About the software - Deutsch -","robots":{"index":"index","follow":"follow","max-snippet":"max-snippet:-1","max-image-preview":"max-image-preview:large","max-video-preview":"max-video-preview:-1"},"canonical":"https:\/\/learn-with-me.eu\/?page_id=95&lang=de","og_locale":"hu_HU","og_type":"article","og_title":"About the software - Deutsch -","og_description":"Diese Lernsoftware wurde zur Unterst\u00fctzung des Mathematikunterrichts entwickelt. Learn with M.E. (Math Educator) ist eine Lernsoftware, die verschiedene Schwierigkeitsstufen in Form von Additions-, Subtraktions-, Multiplikations-, Divisions- und Klammeraufgaben bietet. Die Software bewertet die Ergebnisse der Sch\u00fcler und archiviert kontinuierlich die Fortschritte der Sch\u00fcler. Die Software ist so konzipiert, dass sie die Erstellung von personalisiertem Lernmaterial &hellip; About the software &#8211; Deutsch Read More &raquo;","og_url":"https:\/\/learn-with-me.eu\/?page_id=95&lang=de","article_modified_time":"2025-02-06T09:37:22+00:00","og_image":[{"url":"https:\/\/learn-with-me.eu\/wp-content\/uploads\/2024\/02\/DE-FINAL-1024x374.jpg"}],"twitter_card":"summary_large_image","twitter_misc":{"Becs\u00fclt olvas\u00e1si id\u0151":"4 perc"},"schema":{"@context":"https:\/\/schema.org","@graph":[{"@type":"WebPage","@id":"https:\/\/learn-with-me.eu\/?page_id=95&lang=de","url":"https:\/\/learn-with-me.eu\/?page_id=95&lang=de","name":"About the software - Deutsch -","isPartOf":{"@id":"https:\/\/learn-with-me.eu\/#website"},"datePublished":"2023-04-18T18:07:06+00:00","dateModified":"2025-02-06T09:37:22+00:00","breadcrumb":{"@id":"https:\/\/learn-with-me.eu\/?page_id=95&lang=de#breadcrumb"},"inLanguage":"hu","potentialAction":[{"@type":"ReadAction","target":["https:\/\/learn-with-me.eu\/?page_id=95&lang=de"]}]},{"@type":"BreadcrumbList","@id":"https:\/\/learn-with-me.eu\/?page_id=95&lang=de#breadcrumb","itemListElement":[{"@type":"ListItem","position":1,"name":"Home","item":"https:\/\/learn-with-me.eu\/"},{"@type":"ListItem","position":2,"name":"About the software &#8211; Deutsch"}]},{"@type":"WebSite","@id":"https:\/\/learn-with-me.eu\/#website","url":"https:\/\/learn-with-me.eu\/","name":"","description":"","potentialAction":[{"@type":"SearchAction","target":{"@type":"EntryPoint","urlTemplate":"https:\/\/learn-with-me.eu\/?s={search_term_string}"},"query-input":"required name=search_term_string"}],"inLanguage":"hu"}]}},"_links":{"self":[{"href":"https:\/\/learn-with-me.eu\/index.php?rest_route=\/wp\/v2\/pages\/95"}],"collection":[{"href":"https:\/\/learn-with-me.eu\/index.php?rest_route=\/wp\/v2\/pages"}],"about":[{"href":"https:\/\/learn-with-me.eu\/index.php?rest_route=\/wp\/v2\/types\/page"}],"author":[{"embeddable":true,"href":"https:\/\/learn-with-me.eu\/index.php?rest_route=\/wp\/v2\/users\/1"}],"replies":[{"embeddable":true,"href":"https:\/\/learn-with-me.eu\/index.php?rest_route=%2Fwp%2Fv2%2Fcomments&post=95"}],"version-history":[{"count":6,"href":"https:\/\/learn-with-me.eu\/index.php?rest_route=\/wp\/v2\/pages\/95\/revisions"}],"predecessor-version":[{"id":663,"href":"https:\/\/learn-with-me.eu\/index.php?rest_route=\/wp\/v2\/pages\/95\/revisions\/663"}],"wp:attachment":[{"href":"https:\/\/learn-with-me.eu\/index.php?rest_route=%2Fwp%2Fv2%2Fmedia&parent=95"}],"curies":[{"name":"wp","href":"https:\/\/api.w.org\/{rel}","templated":true}]}}