{"id":97,"date":"2023-04-18T20:07:07","date_gmt":"2023-04-18T18:07:07","guid":{"rendered":"https:\/\/learn-with-me.eu\/?page_id=97"},"modified":"2025-02-06T10:36:03","modified_gmt":"2025-02-06T09:36:03","slug":"about-the-software-slovencina","status":"publish","type":"page","link":"https:\/\/learn-with-me.eu\/?page_id=97&lang=sk","title":{"rendered":"About the software &#8211; Sloven\u010dina"},"content":{"rendered":"\n<p><\/p>\n\n\n\n<p class=\"has-text-color\" style=\"color:#0c1d7a\">Tento vzdel\u00e1vac\u00ed softv\u00e9r bol vytvoren\u00fd na podporu vyu\u010dovania matematiky.<br><br><strong>Learn with M.E.<\/strong> (Math Educator) je vzdel\u00e1vac\u00ed softv\u00e9r, ktor\u00fd poskytuje r\u00f4zne \u00farovne obtia\u017enosti v podobe \u00faloh na s\u010d\u00edtanie, od\u010d\u00edtanie, n\u00e1sobenie, delenie a z\u00e1tvorky. Softv\u00e9r vyhodnocuje v\u00fdsledky \u017eiakov a archivuje ich pokrok.<br><br>Softv\u00e9r je navrhnut\u00fd tak, aby u\u013eah\u010dil tvorbu <strong>personalizovan\u00fdch<\/strong> u\u010debn\u00fdch materi\u00e1lov. T\u00fdm sa mysl\u00ed, \u017ee po\u010das v\u00fdpo\u010dtu sa softv\u00e9r sna\u017e\u00ed zisti\u0165, \u010do by mohlo by\u0165 pr\u00ed\u010dinou slab\u00fdch str\u00e1nok \u017eiakov, a z\u00e1very zdie\u013ea so \u017eiakom aj u\u010dite\u013eom. \u0160tudent m\u00f4\u017ee softv\u00e9r pou\u017e\u00edva\u0165 aj na precvi\u010dovanie a teoretick\u00e9 opakovanie. U\u010dite\u013e z arch\u00edvu ka\u017ed\u00e9ho \u0161tudenta jasne vid\u00ed, ak\u00e9 s\u00fa jeho slab\u00e9 str\u00e1nky, a pod\u013ea toho m\u00f4\u017ee vypracova\u0165 individu\u00e1lne cvi\u010denia a testy.<\/p>\n\n\n\n<figure class=\"is-layout-flex wp-block-gallery-1 wp-block-gallery has-nested-images columns-default is-cropped\">\n<figure class=\"wp-block-image size-large\"><img decoding=\"async\" loading=\"lazy\" width=\"1024\" height=\"433\" data-id=\"639\"  src=\"https:\/\/learn-with-me.eu\/wp-content\/uploads\/2024\/02\/SK-FINAL-1024x433.jpg\" alt=\"\" class=\"wp-image-639\" srcset=\"https:\/\/learn-with-me.eu\/wp-content\/uploads\/2024\/02\/SK-FINAL-1024x433.jpg 1024w, https:\/\/learn-with-me.eu\/wp-content\/uploads\/2024\/02\/SK-FINAL-300x127.jpg 300w, https:\/\/learn-with-me.eu\/wp-content\/uploads\/2024\/02\/SK-FINAL-768x325.jpg 768w, https:\/\/learn-with-me.eu\/wp-content\/uploads\/2024\/02\/SK-FINAL-1536x650.jpg 1536w, https:\/\/learn-with-me.eu\/wp-content\/uploads\/2024\/02\/SK-FINAL-2048x866.jpg 2048w\" sizes=\"(max-width: 1024px) 100vw, 1024px\" \/><figcaption class=\"wp-element-caption\">Learn with M.E. v\u00fdsledky &#8211; september 2023 (v1.4) &#8211; janu\u00e1r 2024 (v1.7)<\/figcaption><\/figure>\n<\/figure>\n\n\n\n<p class=\"has-text-color\" style=\"color:#0c1d7a\"><br><strong>Pre\u010do je to d\u00f4le\u017eit\u00e9?<\/strong><br><br>Matematika v z\u00e1kladnej \u0161kole je nevyhnutn\u00e1 pre rozvoj logick\u00e9ho myslenia det\u00ed. Spr\u00e1vne osvojenie z\u00e1kladn\u00fdch oper\u00e1ci\u00ed je k\u013e\u00fa\u010dov\u00e9 pre cel\u00e9 matematick\u00e9 vzdel\u00e1vanie. S\u010d\u00edtanie, od\u010d\u00edtanie, n\u00e1sobenie a delenie tvoria z\u00e1klad pre rie\u0161enie matematick\u00fdch probl\u00e9mov a \u010dasto sa pou\u017e\u00edvaj\u00fa v ka\u017edodennom \u017eivote. Ich spr\u00e1vne zvl\u00e1dnutie umo\u017en\u00ed \u017eiakom pochopi\u0165, ako funguj\u00fa matematick\u00e9 probl\u00e9my a vzorce, \u010do im umo\u017en\u00ed efekt\u00edvnej\u0161ie a presnej\u0161ie rie\u0161i\u0165 r\u00f4zne matematick\u00e9 probl\u00e9my.<br><br>Symboly oper\u00e1ci\u00ed nazna\u010duj\u00fa, ak\u00fa oper\u00e1ciu treba s \u010d\u00edslami vykona\u0165 a v akom porad\u00ed. Nespr\u00e1vne ozna\u010denie z\u00e1kladn\u00fdch oper\u00e1ci\u00ed alebo ich obmena m\u00f4\u017ee vies\u0165 k nespr\u00e1vnemu rie\u0161eniu matematick\u00fdch \u00faloh. Ak je napr\u00edklad nespr\u00e1vne ozna\u010den\u00e1 oper\u00e1cia s\u010d\u00edtania alebo n\u00e1sobenia, aj v\u00fdsledok oper\u00e1cie bude nespr\u00e1vny. Ak je nespr\u00e1vne ozna\u010den\u00e9 od\u010d\u00edtanie alebo delenie, v\u00fdsledok oper\u00e1cie bude tie\u017e nespr\u00e1vny.<br><br>\u010eal\u0161ou \u010dastou chybou je ignorovanie priority v\u00fdpo\u010dtu. Ak nie je dodr\u017ean\u00e9 poradie z\u00e1kladn\u00fdch oper\u00e1ci\u00ed alebo s\u00fa nespr\u00e1vne ozna\u010den\u00e9, m\u00f4\u017ee by\u0165 nespr\u00e1vny aj kone\u010dn\u00fd v\u00fdsledok. Ak sa napr\u00edklad oper\u00e1cie nevykon\u00e1vaj\u00fa v spr\u00e1vnom porad\u00ed, v\u00fdsledok sa m\u00f4\u017ee l\u00ed\u0161i\u0165 od spr\u00e1vneho v\u00fdsledku. Priorita v\u00fdpo\u010dtu ur\u010duje poradie, v akom sa vykon\u00e1vaj\u00fa jednotliv\u00e9 oper\u00e1cie, a ak \u017eiaci nepochopia pravidl\u00e1 t\u00fdchto oper\u00e1ci\u00ed, n\u00e1sledn\u00e9 \u00falohy vy\u0161\u0161ej \u00farovne m\u00f4\u017eu by\u0165 \u0165a\u017e\u0161ie. \u017diaci, ktor\u00ed si osvoja tieto vedomosti, nesk\u00f4r \u013eah\u0161ie pochopia algebraick\u00e9 v\u00fdrazy a in\u00e9 zlo\u017eitej\u0161ie matematick\u00e9 \u00falohy. Preto je spr\u00e1vne pou\u017e\u00edvanie symbolov oper\u00e1ci\u00ed a spr\u00e1vna postupnos\u0165 k\u013e\u00fa\u010dom k spr\u00e1vnemu rie\u0161eniu matematick\u00fdch \u00faloh.<br><br><br><strong>Publik\u00e1cie demon\u0161truj\u00face mo\u017enosti a v\u00fdsledky softv\u00e9ru<\/strong><br><br>Annu\u0161, N. 2021. Artificial Intelligence as Tool to Promote Education. DisCo 2021: Active Learning in Digital Era: How Digital Tools promote a Conscious, Open-minded, Creative and Social-Oriented Thinking -16th conference reader. Prague: Centre for Higher Education Studies, pp. 118-126, ISBN: 978-80-86302-88-1.<br><br>Annu\u0161, N. 2022. ASSISTING THE TEACHING OF MATHEMATICS IN PRIMARY SCHOOLS USING INTELLIGENT SOFTWARE. EDULEARN22 Proceedings: 14th International Conference on Education and New Learning Technologies, pp. 5096-5102, ISBN: 978-84-09-42484-9.<br><br>Annu\u0161, N. 2024. EDUCATIONAL SOFTWARE AND ARTIFICIAL INTELLIGENCE: STUDENTS\u2019 EXPERIENCES AND INNOVATIVE SOLUTIONS. <em>ITLT<\/em>, vol. 101, no. 3, pp. 200\u2013226, doi: 10.33407\/itlt.v101i3.5479.<br><br>Annu\u0161, N. &amp; Kme\u0165, T. 2024. &#8222;Learn with M.E.\u2014Let Us Boost Personalized Learning in K-12 Math Education!&#8221; Education Sciences 14, no. 7: 773. https:\/\/doi.org\/10.3390\/educsci14070773<br><br>Annu\u0161, N. 2024 &#8211; IDENTIFYING MATHEMATICAL DIFFICULTIES OFPRIMARY SCHOOL STUDENTS USING ARTIFICIALINTELLIGENCE-BASED EDUCATIONAL SOFTWARE &#8211; \u00c1LTAL\u00c1NOS ISKOL\u00c1S DI\u00c1KOK MATEMATIKAI NEH\u00c9ZS\u00c9GEINEK FELT\u00c1R\u00c1SA MESTERS\u00c9GES INTELLIGENCIA ALAP\u00da OKTAT\u00d3SZOFTVEREKKEL. XXXVII. DIDMATTECH 2024 Conference At: J. SELYE UNIVERSITY FACULTY OF ECONOMICS AND INFORMATICS, Kom\u00e1rno. Link: <a href=\"https:\/\/www.researchgate.net\/publication\/388270779_ALTALANOS_ISKOLAS_DIAKOK_MATEMATIKAI_NEHEZSEGEINEK_FELTARASA_MESTERSEGES_INTELLIGENCIA_ALAPU_OKTATOSZOFTVEREKKEL\" target=\"_blank\" rel=\"noreferrer noopener\">ResearchGate<\/a><\/p>\n\n\n\n<p><\/p>\n","protected":false},"excerpt":{"rendered":"<p>Tento vzdel\u00e1vac\u00ed softv\u00e9r bol vytvoren\u00fd na podporu vyu\u010dovania matematiky. Learn with M.E. (Math Educator) je vzdel\u00e1vac\u00ed softv\u00e9r, ktor\u00fd poskytuje r\u00f4zne \u00farovne obtia\u017enosti v podobe \u00faloh na s\u010d\u00edtanie, od\u010d\u00edtanie, n\u00e1sobenie, delenie a z\u00e1tvorky. Softv\u00e9r vyhodnocuje v\u00fdsledky \u017eiakov a archivuje ich pokrok. Softv\u00e9r je navrhnut\u00fd tak, aby u\u013eah\u010dil tvorbu personalizovan\u00fdch u\u010debn\u00fdch materi\u00e1lov. T\u00fdm sa mysl\u00ed, \u017ee po\u010das &hellip;<\/p>\n<p class=\"read-more\"> <a class=\"\" href=\"https:\/\/learn-with-me.eu\/?page_id=97&#038;lang=sk\"> <span class=\"screen-reader-text\">About the software &#8211; Sloven\u010dina<\/span> Read More &raquo;<\/a><\/p>\n","protected":false},"author":1,"featured_media":0,"parent":0,"menu_order":0,"comment_status":"closed","ping_status":"closed","template":"","meta":{"_mi_skip_tracking":false,"site-sidebar-layout":"default","site-content-layout":"default","ast-global-header-display":"","ast-main-header-display":"","ast-hfb-above-header-display":"","ast-hfb-below-header-display":"","ast-hfb-mobile-header-display":"","site-post-title":"disabled","ast-breadcrumbs-content":"","ast-featured-img":"","footer-sml-layout":"","theme-transparent-header-meta":"","adv-header-id-meta":"","stick-header-meta":"","header-above-stick-meta":"","header-main-stick-meta":"","header-below-stick-meta":""},"yoast_head":"<!-- This site is optimized with the Yoast SEO plugin v20.5 - https:\/\/yoast.com\/wordpress\/plugins\/seo\/ -->\n<title>About the software - Sloven\u010dina -<\/title>\n<meta name=\"robots\" content=\"index, follow, max-snippet:-1, max-image-preview:large, max-video-preview:-1\" \/>\n<link rel=\"canonical\" href=\"https:\/\/learn-with-me.eu\/?page_id=97&lang=sk\" \/>\n<meta property=\"og:locale\" content=\"hu_HU\" \/>\n<meta property=\"og:type\" content=\"article\" \/>\n<meta property=\"og:title\" content=\"About the software - Sloven\u010dina -\" \/>\n<meta property=\"og:description\" content=\"Tento vzdel\u00e1vac\u00ed softv\u00e9r bol vytvoren\u00fd na podporu vyu\u010dovania matematiky. Learn with M.E. (Math Educator) je vzdel\u00e1vac\u00ed softv\u00e9r, ktor\u00fd poskytuje r\u00f4zne \u00farovne obtia\u017enosti v podobe \u00faloh na s\u010d\u00edtanie, od\u010d\u00edtanie, n\u00e1sobenie, delenie a z\u00e1tvorky. Softv\u00e9r vyhodnocuje v\u00fdsledky \u017eiakov a archivuje ich pokrok. Softv\u00e9r je navrhnut\u00fd tak, aby u\u013eah\u010dil tvorbu personalizovan\u00fdch u\u010debn\u00fdch materi\u00e1lov. T\u00fdm sa mysl\u00ed, \u017ee po\u010das &hellip; About the software &#8211; Sloven\u010dina Read More &raquo;\" \/>\n<meta property=\"og:url\" content=\"https:\/\/learn-with-me.eu\/?page_id=97&amp;lang=sk\" \/>\n<meta property=\"article:modified_time\" content=\"2025-02-06T09:36:03+00:00\" \/>\n<meta property=\"og:image\" content=\"https:\/\/learn-with-me.eu\/wp-content\/uploads\/2024\/02\/SK-FINAL-1024x433.jpg\" \/>\n<meta name=\"twitter:card\" content=\"summary_large_image\" \/>\n<meta name=\"twitter:label1\" content=\"Becs\u00fclt olvas\u00e1si id\u0151\" \/>\n\t<meta name=\"twitter:data1\" content=\"3 perc\" \/>\n<script type=\"application\/ld+json\" class=\"yoast-schema-graph\">{\"@context\":\"https:\/\/schema.org\",\"@graph\":[{\"@type\":\"WebPage\",\"@id\":\"https:\/\/learn-with-me.eu\/?page_id=97&lang=sk\",\"url\":\"https:\/\/learn-with-me.eu\/?page_id=97&lang=sk\",\"name\":\"About the software - Sloven\u010dina -\",\"isPartOf\":{\"@id\":\"https:\/\/learn-with-me.eu\/#website\"},\"datePublished\":\"2023-04-18T18:07:07+00:00\",\"dateModified\":\"2025-02-06T09:36:03+00:00\",\"breadcrumb\":{\"@id\":\"https:\/\/learn-with-me.eu\/?page_id=97&lang=sk#breadcrumb\"},\"inLanguage\":\"hu\",\"potentialAction\":[{\"@type\":\"ReadAction\",\"target\":[\"https:\/\/learn-with-me.eu\/?page_id=97&lang=sk\"]}]},{\"@type\":\"BreadcrumbList\",\"@id\":\"https:\/\/learn-with-me.eu\/?page_id=97&lang=sk#breadcrumb\",\"itemListElement\":[{\"@type\":\"ListItem\",\"position\":1,\"name\":\"Home\",\"item\":\"https:\/\/learn-with-me.eu\/\"},{\"@type\":\"ListItem\",\"position\":2,\"name\":\"About the software &#8211; Sloven\u010dina\"}]},{\"@type\":\"WebSite\",\"@id\":\"https:\/\/learn-with-me.eu\/#website\",\"url\":\"https:\/\/learn-with-me.eu\/\",\"name\":\"\",\"description\":\"\",\"potentialAction\":[{\"@type\":\"SearchAction\",\"target\":{\"@type\":\"EntryPoint\",\"urlTemplate\":\"https:\/\/learn-with-me.eu\/?s={search_term_string}\"},\"query-input\":\"required name=search_term_string\"}],\"inLanguage\":\"hu\"}]}<\/script>\n<!-- \/ Yoast SEO plugin. -->","yoast_head_json":{"title":"About the software - Sloven\u010dina -","robots":{"index":"index","follow":"follow","max-snippet":"max-snippet:-1","max-image-preview":"max-image-preview:large","max-video-preview":"max-video-preview:-1"},"canonical":"https:\/\/learn-with-me.eu\/?page_id=97&lang=sk","og_locale":"hu_HU","og_type":"article","og_title":"About the software - Sloven\u010dina -","og_description":"Tento vzdel\u00e1vac\u00ed softv\u00e9r bol vytvoren\u00fd na podporu vyu\u010dovania matematiky. Learn with M.E. (Math Educator) je vzdel\u00e1vac\u00ed softv\u00e9r, ktor\u00fd poskytuje r\u00f4zne \u00farovne obtia\u017enosti v podobe \u00faloh na s\u010d\u00edtanie, od\u010d\u00edtanie, n\u00e1sobenie, delenie a z\u00e1tvorky. Softv\u00e9r vyhodnocuje v\u00fdsledky \u017eiakov a archivuje ich pokrok. Softv\u00e9r je navrhnut\u00fd tak, aby u\u013eah\u010dil tvorbu personalizovan\u00fdch u\u010debn\u00fdch materi\u00e1lov. T\u00fdm sa mysl\u00ed, \u017ee po\u010das &hellip; About the software &#8211; Sloven\u010dina Read More &raquo;","og_url":"https:\/\/learn-with-me.eu\/?page_id=97&lang=sk","article_modified_time":"2025-02-06T09:36:03+00:00","og_image":[{"url":"https:\/\/learn-with-me.eu\/wp-content\/uploads\/2024\/02\/SK-FINAL-1024x433.jpg"}],"twitter_card":"summary_large_image","twitter_misc":{"Becs\u00fclt olvas\u00e1si id\u0151":"3 perc"},"schema":{"@context":"https:\/\/schema.org","@graph":[{"@type":"WebPage","@id":"https:\/\/learn-with-me.eu\/?page_id=97&lang=sk","url":"https:\/\/learn-with-me.eu\/?page_id=97&lang=sk","name":"About the software - Sloven\u010dina -","isPartOf":{"@id":"https:\/\/learn-with-me.eu\/#website"},"datePublished":"2023-04-18T18:07:07+00:00","dateModified":"2025-02-06T09:36:03+00:00","breadcrumb":{"@id":"https:\/\/learn-with-me.eu\/?page_id=97&lang=sk#breadcrumb"},"inLanguage":"hu","potentialAction":[{"@type":"ReadAction","target":["https:\/\/learn-with-me.eu\/?page_id=97&lang=sk"]}]},{"@type":"BreadcrumbList","@id":"https:\/\/learn-with-me.eu\/?page_id=97&lang=sk#breadcrumb","itemListElement":[{"@type":"ListItem","position":1,"name":"Home","item":"https:\/\/learn-with-me.eu\/"},{"@type":"ListItem","position":2,"name":"About the software &#8211; Sloven\u010dina"}]},{"@type":"WebSite","@id":"https:\/\/learn-with-me.eu\/#website","url":"https:\/\/learn-with-me.eu\/","name":"","description":"","potentialAction":[{"@type":"SearchAction","target":{"@type":"EntryPoint","urlTemplate":"https:\/\/learn-with-me.eu\/?s={search_term_string}"},"query-input":"required name=search_term_string"}],"inLanguage":"hu"}]}},"_links":{"self":[{"href":"https:\/\/learn-with-me.eu\/index.php?rest_route=\/wp\/v2\/pages\/97"}],"collection":[{"href":"https:\/\/learn-with-me.eu\/index.php?rest_route=\/wp\/v2\/pages"}],"about":[{"href":"https:\/\/learn-with-me.eu\/index.php?rest_route=\/wp\/v2\/types\/page"}],"author":[{"embeddable":true,"href":"https:\/\/learn-with-me.eu\/index.php?rest_route=\/wp\/v2\/users\/1"}],"replies":[{"embeddable":true,"href":"https:\/\/learn-with-me.eu\/index.php?rest_route=%2Fwp%2Fv2%2Fcomments&post=97"}],"version-history":[{"count":6,"href":"https:\/\/learn-with-me.eu\/index.php?rest_route=\/wp\/v2\/pages\/97\/revisions"}],"predecessor-version":[{"id":661,"href":"https:\/\/learn-with-me.eu\/index.php?rest_route=\/wp\/v2\/pages\/97\/revisions\/661"}],"wp:attachment":[{"href":"https:\/\/learn-with-me.eu\/index.php?rest_route=%2Fwp%2Fv2%2Fmedia&parent=97"}],"curies":[{"name":"wp","href":"https:\/\/api.w.org\/{rel}","templated":true}]}}